{"id":72,"date":"2025-03-12T09:17:29","date_gmt":"2025-03-12T09:17:29","guid":{"rendered":"https:\/\/aculvila.fi\/site\/?page_id=72"},"modified":"2026-01-05T08:41:04","modified_gmt":"2026-01-05T08:41:04","slug":"yhteystiedot","status":"publish","type":"page","link":"https:\/\/aculvila.fi\/site\/index.php\/yhteystiedot\/","title":{"rendered":"Yhteystiedot"},"content":{"rendered":"\n<p class=\"has-xx-large-font-size\"><strong>Yhteystiedot<\/strong><\/p>\n\n\n\n<p>Lis\u00e4tiedot ja tiedustelut ensisijaisesti s\u00e4hk\u00f6postitse osoitteesta <a href=\"mailto:archeryclubulvila@gmail.com\">archeryclubulvila@gmail.com<\/a> sek\u00e4 tarvittaessa puhelimitse numerosta 040-535 8850 (pj Aki Valtonen).<\/p>\n\n\n\n<p><strong>Hallitus 2025<\/strong><\/p>\n\n\n\n<p>Aki Valtonen, Janne Rantanen, Kimmo Harju ja Teppo Nissil\u00e4<\/p>\n\n\n\n<p>Varalla: Tiina Mannila ja Olli-Pekka Itkonen<\/p>\n\n\n\n<figure class=\"wp-block-image size-large is-resized\"><img loading=\"lazy\" decoding=\"async\" width=\"840\" height=\"1024\" src=\"https:\/\/aculvila.fi\/site\/wp-content\/uploads\/2025\/03\/IMG-20250221-WA0014-scaled-e1742135978931-840x1024.jpeg\" alt=\"\" class=\"wp-image-514\" style=\"width:471px;height:auto\" srcset=\"https:\/\/aculvila.fi\/site\/wp-content\/uploads\/2025\/03\/IMG-20250221-WA0014-scaled-e1742135978931-840x1024.jpeg 840w, https:\/\/aculvila.fi\/site\/wp-content\/uploads\/2025\/03\/IMG-20250221-WA0014-scaled-e1742135978931-246x300.jpeg 246w, https:\/\/aculvila.fi\/site\/wp-content\/uploads\/2025\/03\/IMG-20250221-WA0014-scaled-e1742135978931-768x937.jpeg 768w, https:\/\/aculvila.fi\/site\/wp-content\/uploads\/2025\/03\/IMG-20250221-WA0014-scaled-e1742135978931-1259x1536.jpeg 1259w, https:\/\/aculvila.fi\/site\/wp-content\/uploads\/2025\/03\/IMG-20250221-WA0014-scaled-e1742135978931.jpeg 1357w\" sizes=\"auto, (max-width: 840px) 100vw, 840px\" \/><\/figure>\n","protected":false},"excerpt":{"rendered":"<p>Yhteystiedot Lis\u00e4tiedot ja tiedustelut ensisijaisesti s\u00e4hk\u00f6postitse osoitteesta archeryclubulvila@gmail.com sek\u00e4 tarvittaessa puhelimitse numerosta 040-535 8850 (pj Aki Valtonen). Hallitus 2025 Aki Valtonen, Janne Rantanen, Kimmo Harju ja Teppo Nissil\u00e4 Varalla: Tiina Mannila ja Olli-Pekka Itkonen<\/p>\n","protected":false},"author":2,"featured_media":0,"parent":0,"menu_order":0,"comment_status":"closed","ping_status":"closed","template":"","meta":{"footnotes":""},"class_list":["post-72","page","type-page","status-publish","hentry"],"_links":{"self":[{"href":"https:\/\/aculvila.fi\/site\/index.php\/wp-json\/wp\/v2\/pages\/72","targetHints":{"allow":["GET"]}}],"collection":[{"href":"https:\/\/aculvila.fi\/site\/index.php\/wp-json\/wp\/v2\/pages"}],"about":[{"href":"https:\/\/aculvila.fi\/site\/index.php\/wp-json\/wp\/v2\/types\/page"}],"author":[{"embeddable":true,"href":"https:\/\/aculvila.fi\/site\/index.php\/wp-json\/wp\/v2\/users\/2"}],"replies":[{"embeddable":true,"href":"https:\/\/aculvila.fi\/site\/index.php\/wp-json\/wp\/v2\/comments?post=72"}],"version-history":[{"count":19,"href":"https:\/\/aculvila.fi\/site\/index.php\/wp-json\/wp\/v2\/pages\/72\/revisions"}],"predecessor-version":[{"id":785,"href":"https:\/\/aculvila.fi\/site\/index.php\/wp-json\/wp\/v2\/pages\/72\/revisions\/785"}],"wp:attachment":[{"href":"https:\/\/aculvila.fi\/site\/index.php\/wp-json\/wp\/v2\/media?parent=72"}],"curies":[{"name":"wp","href":"https:\/\/api.w.org\/{rel}","templated":true}]}}