{"id":65,"date":"2025-03-11T13:15:16","date_gmt":"2025-03-11T13:15:16","guid":{"rendered":"https:\/\/aculvila.fi\/site\/?page_id=65"},"modified":"2026-03-11T07:58:13","modified_gmt":"2026-03-11T07:58:13","slug":"kurssit","status":"publish","type":"page","link":"https:\/\/aculvila.fi\/site\/index.php\/kurssit\/","title":{"rendered":"Kurssit"},"content":{"rendered":"\n<p class=\"has-xx-large-font-size\"><strong>Kurssit<\/strong><\/p>\n\n\n\n<figure class=\"wp-block-image size-large is-resized\"><img loading=\"lazy\" decoding=\"async\" width=\"1024\" height=\"411\" src=\"https:\/\/aculvila.fi\/site\/wp-content\/uploads\/2025\/05\/Kurssit_uusikuva-1024x411.png\" alt=\"\" class=\"wp-image-636\" style=\"width:1170px;height:auto\" srcset=\"https:\/\/aculvila.fi\/site\/wp-content\/uploads\/2025\/05\/Kurssit_uusikuva-1024x411.png 1024w, https:\/\/aculvila.fi\/site\/wp-content\/uploads\/2025\/05\/Kurssit_uusikuva-300x121.png 300w, https:\/\/aculvila.fi\/site\/wp-content\/uploads\/2025\/05\/Kurssit_uusikuva-768x309.png 768w, https:\/\/aculvila.fi\/site\/wp-content\/uploads\/2025\/05\/Kurssit_uusikuva.png 1294w\" sizes=\"auto, (max-width: 1024px) 100vw, 1024px\" \/><\/figure>\n\n\n\n<p class=\"has-x-large-font-size\"><strong>Ensinuolet-kurssi<\/strong><\/p>\n\n\n\n<p>Ensinuolet-kurssi on Suomen Jousiampujainliiton alkeiskurssikonsepti. Kurssilla saat hyv\u00e4t perustaidot jousiammuntaharrastuksen aloittamiseen. J\u00e4rjest\u00e4mme kursseja noin 3-5 krt vuodessa. Yhden kurssin kokonaiskesto on 12 tuntia.<\/p>\n\n\n\n<p>Kurssilla saat asiantuntevaa l\u00e4hiopetusta, jonka lis\u00e4ksi jokaisen kurssikerran j\u00e4lkeen saat s\u00e4hk\u00f6postiisi kurssikirjeen, jossa kerrataan edellisen kerran aiheet sek\u00e4 luodaan kurkistus seuraavaan kertaan.<\/p>\n\n\n\n<p>Talvikauden kursseissa on normaalisti yhteens\u00e4 5 kurssikertaa. Kerran viikossa 2h\/krt nelj\u00e4n\u00e4 per\u00e4kk\u00e4isen\u00e4 viikkona ja kurssi p\u00e4\u00e4ttyy viikonloppuna pidett\u00e4v\u00e4\u00e4n nelj\u00e4n tunnin mittaiseen p\u00e4\u00e4t\u00f6skertaan. P\u00e4\u00e4t\u00f6skerralla ammutaan my\u00f6s kurssikilpailu. <\/p>\n\n\n\n<p>Kes\u00e4kauden kurssit pyrit\u00e4\u00e4n j\u00e4rjest\u00e4m\u00e4\u00e4n siten, ett\u00e4 kurssin kesto ja rakenne on sama kuin talvikaudella.<\/p>\n\n\n\n<p>Kurssi sopii kaikenik\u00e4isille, mutta alle 12-vuotiaiden juniorien kohdalla kannattaa varmistaa, ett\u00e4 seuralta l\u00f6ytyy varmasti h\u00e4nelle sopivaa jousiv\u00e4lineist\u00f6\u00e4 (juniorin koko ja voimataso vaikuttavat). Sopivan v\u00e4lineist\u00f6n l\u00f6ytyminen on helpointa varmistaa osallistumalla ilmaiseen <strong><a href=\"https:\/\/aculvila.fi\/site\/index.php\/lajikokeilu\/\" data-type=\"page\" data-id=\"66\">lajikokeiluun<\/a><\/strong> joita j\u00e4rjestet\u00e4\u00e4n kuukausittain kuukauden ensimm\u00e4isen\u00e4 maanantaina. Alle 12-vuotiaan juniorin huoltajan tulee l\u00e4ht\u00f6kohtaisesti varautua olemaan paikalla kurssin aikana tai mieluiten my\u00f6s itse osallistumaan kurssille (voidaan tarkentaa tapauskohtaisesti).<\/p>\n\n\n\n<p>Kurssin hinta: 60 \u20ac\/aikuinen ja 30 \u20ac\/juniorit (alle 20-vuotiaat). <\/p>\n\n\n\n<p><strong>Seuraava Ensinuolet-kurssi alkaa keskiviikkona 25.3. Friitala-talon sis\u00e4radalla<\/strong> (<strong>seuraava kurssi alustavasti kes\u00e4-hein\u00e4kuussa 2026). <\/strong><\/p>\n\n\n\n<p>Katso tai lataa kev\u00e4\u00e4n kurssin mainos alta (kes\u00e4-hein\u00e4kuun 2026 kurssin mainos tulee katsottavaksi kes\u00e4kuussa).<\/p>\n\n\n\n<div class=\"wp-block-file\"><a id=\"wp-block-file--media-497a21d0-3a67-477c-8560-cd957fd4b8ee\" href=\"https:\/\/aculvila.fi\/site\/wp-content\/uploads\/2026\/03\/Ensinuolet-kurssi-kevat-2026.jpg\"><img loading=\"lazy\" decoding=\"async\" width=\"150\" height=\"111\" class=\"wp-image-821\" style=\"width: 150px;\" src=\"https:\/\/aculvila.fi\/site\/wp-content\/uploads\/2026\/03\/Ensinuolet-kurssi-kevat-2026.jpg\" alt=\"\" srcset=\"https:\/\/aculvila.fi\/site\/wp-content\/uploads\/2026\/03\/Ensinuolet-kurssi-kevat-2026.jpg 1351w, https:\/\/aculvila.fi\/site\/wp-content\/uploads\/2026\/03\/Ensinuolet-kurssi-kevat-2026-300x222.jpg 300w, https:\/\/aculvila.fi\/site\/wp-content\/uploads\/2026\/03\/Ensinuolet-kurssi-kevat-2026-1024x757.jpg 1024w, https:\/\/aculvila.fi\/site\/wp-content\/uploads\/2026\/03\/Ensinuolet-kurssi-kevat-2026-768x568.jpg 768w\" sizes=\"auto, (max-width: 150px) 100vw, 150px\" \/><br>Ensinuolet-kurssi kev\u00e4t 2026<\/a><a href=\"https:\/\/aculvila.fi\/site\/wp-content\/uploads\/2026\/03\/Ensinuolet-kurssi-kevat-2026.jpg\" class=\"wp-block-file__button wp-element-button\" download aria-describedby=\"wp-block-file--media-497a21d0-3a67-477c-8560-cd957fd4b8ee\">Lataa<\/a><\/div>\n\n\n\n<p><strong>ILMOITTAUTUMINEN VAADITAAN, sill\u00e4 paikkoja on rajallisesti. <\/strong><\/p>\n\n\n\n<p><strong>Ilmoittautumiset ja lis\u00e4tietoa kursseista:<\/strong> <a href=\"mailto:archeryclubulvila@gmail.com\">archeryclubulvila@gmail.com<\/a><\/p>\n\n\n\n<p><\/p>\n","protected":false},"excerpt":{"rendered":"<p>Kurssit Ensinuolet-kurssi Ensinuolet-kurssi on Suomen Jousiampujainliiton alkeiskurssikonsepti. Kurssilla saat hyv\u00e4t perustaidot jousiammuntaharrastuksen aloittamiseen. J\u00e4rjest\u00e4mme kursseja noin 3-5 krt vuodessa. Yhden kurssin kokonaiskesto on 12 tuntia. Kurssilla saat asiantuntevaa l\u00e4hiopetusta, jonka lis\u00e4ksi jokaisen kurssikerran j\u00e4lkeen saat s\u00e4hk\u00f6postiisi kurssikirjeen, jossa kerrataan edellisen kerran aiheet sek\u00e4 luodaan kurkistus seuraavaan kertaan. Talvikauden kursseissa on normaalisti yhteens\u00e4 5 kurssikertaa. Kerran [&hellip;]<\/p>\n","protected":false},"author":2,"featured_media":0,"parent":0,"menu_order":0,"comment_status":"closed","ping_status":"closed","template":"","meta":{"footnotes":""},"class_list":["post-65","page","type-page","status-publish","hentry"],"_links":{"self":[{"href":"https:\/\/aculvila.fi\/site\/index.php\/wp-json\/wp\/v2\/pages\/65","targetHints":{"allow":["GET"]}}],"collection":[{"href":"https:\/\/aculvila.fi\/site\/index.php\/wp-json\/wp\/v2\/pages"}],"about":[{"href":"https:\/\/aculvila.fi\/site\/index.php\/wp-json\/wp\/v2\/types\/page"}],"author":[{"embeddable":true,"href":"https:\/\/aculvila.fi\/site\/index.php\/wp-json\/wp\/v2\/users\/2"}],"replies":[{"embeddable":true,"href":"https:\/\/aculvila.fi\/site\/index.php\/wp-json\/wp\/v2\/comments?post=65"}],"version-history":[{"count":51,"href":"https:\/\/aculvila.fi\/site\/index.php\/wp-json\/wp\/v2\/pages\/65\/revisions"}],"predecessor-version":[{"id":822,"href":"https:\/\/aculvila.fi\/site\/index.php\/wp-json\/wp\/v2\/pages\/65\/revisions\/822"}],"wp:attachment":[{"href":"https:\/\/aculvila.fi\/site\/index.php\/wp-json\/wp\/v2\/media?parent=65"}],"curies":[{"name":"wp","href":"https:\/\/api.w.org\/{rel}","templated":true}]}}