{"id":600,"date":"2025-03-16T18:49:49","date_gmt":"2025-03-16T18:49:49","guid":{"rendered":"https:\/\/aculvila.fi\/site\/?page_id=600"},"modified":"2025-03-16T20:36:48","modified_gmt":"2025-03-16T20:36:48","slug":"palaute","status":"publish","type":"page","link":"https:\/\/aculvila.fi\/site\/index.php\/palaute\/","title":{"rendered":"Palaute"},"content":{"rendered":"\n<p class=\"has-xx-large-font-size\"><strong>Anna palautetta<\/strong><\/p>\n\n\n\n<p>Haluamme kehitt\u00e4\u00e4 toimintaamme lyhyell\u00e4 ja pitk\u00e4ll\u00e4 aikav\u00e4lill\u00e4, joten haluamme saada ruusuja, risuja ja kehitysideoita toimintamme parantamiseksi.<\/p>\n\n\n\n<iframe loading=\"lazy\" src=\"https:\/\/docs.google.com\/forms\/d\/e\/1FAIpQLScf159b-0KNQszlM_PemJIGCoczKvPtIa72eILVtx6226qnxw\/viewform?embedded=true\" width=\"640\" height=\"787\" frameborder=\"0\" marginheight=\"0\" marginwidth=\"0\">Ladataan\u2026<\/iframe>\n","protected":false},"excerpt":{"rendered":"<p>Anna palautetta Haluamme kehitt\u00e4\u00e4 toimintaamme lyhyell\u00e4 ja pitk\u00e4ll\u00e4 aikav\u00e4lill\u00e4, joten haluamme saada ruusuja, risuja ja kehitysideoita toimintamme parantamiseksi. Ladataan\u2026<\/p>\n","protected":false},"author":2,"featured_media":0,"parent":0,"menu_order":0,"comment_status":"closed","ping_status":"closed","template":"","meta":{"footnotes":""},"class_list":["post-600","page","type-page","status-publish","hentry"],"_links":{"self":[{"href":"https:\/\/aculvila.fi\/site\/index.php\/wp-json\/wp\/v2\/pages\/600","targetHints":{"allow":["GET"]}}],"collection":[{"href":"https:\/\/aculvila.fi\/site\/index.php\/wp-json\/wp\/v2\/pages"}],"about":[{"href":"https:\/\/aculvila.fi\/site\/index.php\/wp-json\/wp\/v2\/types\/page"}],"author":[{"embeddable":true,"href":"https:\/\/aculvila.fi\/site\/index.php\/wp-json\/wp\/v2\/users\/2"}],"replies":[{"embeddable":true,"href":"https:\/\/aculvila.fi\/site\/index.php\/wp-json\/wp\/v2\/comments?post=600"}],"version-history":[{"count":6,"href":"https:\/\/aculvila.fi\/site\/index.php\/wp-json\/wp\/v2\/pages\/600\/revisions"}],"predecessor-version":[{"id":613,"href":"https:\/\/aculvila.fi\/site\/index.php\/wp-json\/wp\/v2\/pages\/600\/revisions\/613"}],"wp:attachment":[{"href":"https:\/\/aculvila.fi\/site\/index.php\/wp-json\/wp\/v2\/media?parent=600"}],"curies":[{"name":"wp","href":"https:\/\/api.w.org\/{rel}","templated":true}]}}