{"id":550,"date":"2025-03-16T16:14:49","date_gmt":"2025-03-16T16:14:49","guid":{"rendered":"https:\/\/aculvila.fi\/site\/?page_id=550"},"modified":"2026-01-05T08:26:44","modified_gmt":"2026-01-05T08:26:44","slug":"tulosammunnat","status":"publish","type":"page","link":"https:\/\/aculvila.fi\/site\/index.php\/tulosammunnat\/","title":{"rendered":"Tulosammunnat"},"content":{"rendered":"\n<p class=\"has-xx-large-font-size\"><strong>Tulosammunnat<\/strong><\/p>\n\n\n\n<p>Tulosammuntojen tavoitteena on toimia hyv\u00e4n\u00e4 kilpailunomaisena harjoitteena jolla madalletaan kynnyst\u00e4 osallistua SJAL:n tai FFAA:n alaisiin kilpailuihin. Tulosammunnoissa tuloskorttien t\u00e4ytt\u00f6 sek\u00e4 kilpailus\u00e4\u00e4nn\u00f6t tulevat l\u00e4hes huomaamatta tutuiksi. <\/p>\n\n\n\n<p><\/p>\n\n\n\n<p><strong>Talvi\/kev\u00e4t 2026 tulosammuntap\u00e4iv\u00e4t:<\/strong><\/p>\n\n\n\n<p><strong>to 8.1.<\/strong> klo 18:00<\/p>\n\n\n\n<p><strong>ma 26.1.<\/strong> klo 18:00<\/p>\n\n\n\n<p><strong>to 12.2.<\/strong> klo 18:00<\/p>\n\n\n\n<p><strong>to 5.3.<\/strong> klo 18:00<\/p>\n\n\n\n<p><strong>ma 23.3.<\/strong> klo 18:00<\/p>\n\n\n\n<p><strong>to 9.4.<\/strong> klo 18:00<\/p>\n\n\n\n<p>Mahdollisista muutoksista tulosammuntoihin ilmoitetaan erikseen seuran WhatsApp-ryhm\u00e4ss\u00e4.<\/p>\n\n\n\n<p>Huomioithan, ett\u00e4 <strong>ammunta alkaa<\/strong> ilmoitettuna aikana joten saavuthan paikalle hyviss\u00e4 ajoin.<\/p>\n\n\n\n<p>Hinta: normaali ratamaksu.<\/p>\n\n\n\n<p><strong>Tervetuloa!<\/strong><\/p>\n\n\n\n<p>Lis\u00e4tiedot ja tiedustelut s\u00e4hk\u00f6postitse osoitteesta&nbsp;<a href=\"mailto:archeryclubulvila@gmail.com\">archeryclubulvila@gmail.com<\/a><\/p>\n","protected":false},"excerpt":{"rendered":"<p>Tulosammunnat Tulosammuntojen tavoitteena on toimia hyv\u00e4n\u00e4 kilpailunomaisena harjoitteena jolla madalletaan kynnyst\u00e4 osallistua SJAL:n tai FFAA:n alaisiin kilpailuihin. Tulosammunnoissa tuloskorttien t\u00e4ytt\u00f6 sek\u00e4 kilpailus\u00e4\u00e4nn\u00f6t tulevat l\u00e4hes huomaamatta tutuiksi. Talvi\/kev\u00e4t 2026 tulosammuntap\u00e4iv\u00e4t: to 8.1. klo 18:00 ma 26.1. klo 18:00 to 12.2. klo 18:00 to 5.3. klo 18:00 ma 23.3. klo 18:00 to 9.4. klo 18:00 Mahdollisista muutoksista [&hellip;]<\/p>\n","protected":false},"author":2,"featured_media":0,"parent":0,"menu_order":0,"comment_status":"closed","ping_status":"closed","template":"","meta":{"footnotes":""},"class_list":["post-550","page","type-page","status-publish","hentry"],"_links":{"self":[{"href":"https:\/\/aculvila.fi\/site\/index.php\/wp-json\/wp\/v2\/pages\/550","targetHints":{"allow":["GET"]}}],"collection":[{"href":"https:\/\/aculvila.fi\/site\/index.php\/wp-json\/wp\/v2\/pages"}],"about":[{"href":"https:\/\/aculvila.fi\/site\/index.php\/wp-json\/wp\/v2\/types\/page"}],"author":[{"embeddable":true,"href":"https:\/\/aculvila.fi\/site\/index.php\/wp-json\/wp\/v2\/users\/2"}],"replies":[{"embeddable":true,"href":"https:\/\/aculvila.fi\/site\/index.php\/wp-json\/wp\/v2\/comments?post=550"}],"version-history":[{"count":19,"href":"https:\/\/aculvila.fi\/site\/index.php\/wp-json\/wp\/v2\/pages\/550\/revisions"}],"predecessor-version":[{"id":775,"href":"https:\/\/aculvila.fi\/site\/index.php\/wp-json\/wp\/v2\/pages\/550\/revisions\/775"}],"wp:attachment":[{"href":"https:\/\/aculvila.fi\/site\/index.php\/wp-json\/wp\/v2\/media?parent=550"}],"curies":[{"name":"wp","href":"https:\/\/api.w.org\/{rel}","templated":true}]}}