{"id":51,"date":"2025-03-12T07:27:27","date_gmt":"2025-03-12T07:27:27","guid":{"rendered":"https:\/\/aculvila.fi\/site\/?page_id=51"},"modified":"2025-03-16T18:07:59","modified_gmt":"2025-03-16T18:07:59","slug":"jousiammunta-lajina","status":"publish","type":"page","link":"https:\/\/aculvila.fi\/site\/index.php\/jousiammunta-lajina\/","title":{"rendered":"Jousiammunta"},"content":{"rendered":"\n<figure class=\"wp-block-gallery has-nested-images columns-default is-cropped wp-block-gallery-1 is-layout-flex wp-block-gallery-is-layout-flex\">\n<figure class=\"wp-block-image size-full\"><img loading=\"lazy\" decoding=\"async\" width=\"1650\" height=\"509\" data-id=\"509\" src=\"https:\/\/aculvila.fi\/site\/wp-content\/uploads\/2025\/03\/kuva-2.jpg\" alt=\"\" class=\"wp-image-509\" srcset=\"https:\/\/aculvila.fi\/site\/wp-content\/uploads\/2025\/03\/kuva-2.jpg 1650w, https:\/\/aculvila.fi\/site\/wp-content\/uploads\/2025\/03\/kuva-2-300x93.jpg 300w, https:\/\/aculvila.fi\/site\/wp-content\/uploads\/2025\/03\/kuva-2-1024x316.jpg 1024w, https:\/\/aculvila.fi\/site\/wp-content\/uploads\/2025\/03\/kuva-2-768x237.jpg 768w, https:\/\/aculvila.fi\/site\/wp-content\/uploads\/2025\/03\/kuva-2-1536x474.jpg 1536w\" sizes=\"auto, (max-width: 1650px) 100vw, 1650px\" \/><\/figure>\n<\/figure>\n\n\n\n<p class=\"has-xx-large-font-size\"><strong>Jousiammunta lajina<\/strong><\/p>\n\n\n\n<p>Jousiammunta on taitolaji, joka sopii kaikille ik\u00e4\u00e4n ja sukupuoleen katsomatta. Jousiammunta voi olla vaikka koko perheen yhteinen harrastus, keino irtautua hektisest\u00e4 arjesta, vastapainoa p\u00e4\u00e4tety\u00f6lle tai opiskelulle, itsens\u00e4 kehitt\u00e4mist\u00e4 omilla ehdoilla tai kilpailua ja kovaa huippu-urheilua.<\/p>\n\n\n\n<figure class=\"wp-block-embed alignright is-type-video is-provider-youtube wp-block-embed-youtube wp-embed-aspect-16-9 wp-has-aspect-ratio\"><div class=\"wp-block-embed__wrapper\">\n<iframe loading=\"lazy\" title=\"Jousiammunta - jalo taito\" width=\"500\" height=\"281\" src=\"https:\/\/www.youtube.com\/embed\/6LU1l3Wl4RY?feature=oembed\" frameborder=\"0\" allow=\"accelerometer; autoplay; clipboard-write; encrypted-media; gyroscope; picture-in-picture; web-share\" referrerpolicy=\"strict-origin-when-cross-origin\" allowfullscreen><\/iframe>\n<\/div><\/figure>\n\n\n\n<p><\/p>\n\n\n\n<p>Jousiammunta kehitt\u00e4\u00e4 keskittymiskyky\u00e4 sek\u00e4 kehonhallintaa. Harjoitellessa on yksinkertaisesti pakko sulkea muut asiat mielest\u00e4. Jousen j\u00e4nnitt\u00e4miseen ei vaadita voimaa, vaan p\u00e4\u00e4osin oikeaa tekniikkaa.<\/p>\n\n\n\n<p>Erilaisia jousia ja kilpailumuotoja on useita. Suosituimmat jouset ovat olympialaisista tuttu t\u00e4ht\u00e4injousi ja teknisesti hieman kehittyneempi taljajousi. Edellisten lis\u00e4ksi jousiammuntaa harrastetaan mm. vaistojousella ja pitk\u00e4jousella. Tauluammunnan lis\u00e4ksi kilpailumuotoja ovat mm. maastoammunta ja 3D-ammunta. Kilpasarjoja l\u00f6ytyy alle 11-vuotiaista yli 70-vuotiaisiin. Jousella voi my\u00f6s mets\u00e4st\u00e4\u00e4.<\/p>\n\n\n\n<figure class=\"wp-block-embed alignright is-type-video is-provider-youtube wp-block-embed-youtube wp-embed-aspect-16-9 wp-has-aspect-ratio\"><div class=\"wp-block-embed__wrapper\">\n<iframe loading=\"lazy\" title=\"Hallikilpailuopas\" width=\"500\" height=\"281\" src=\"https:\/\/www.youtube.com\/embed\/cvYy4FYHzPo?feature=oembed\" frameborder=\"0\" allow=\"accelerometer; autoplay; clipboard-write; encrypted-media; gyroscope; picture-in-picture; web-share\" referrerpolicy=\"strict-origin-when-cross-origin\" allowfullscreen><\/iframe>\n<\/div><\/figure>\n\n\n\n<p><\/p>\n\n\n\n<p>Alaik\u00e4rajaa aloittamiselle ei ole, vaan siihen vaikuttaa lapsen luonne. Jousiammunta on mahdollista aloittaa kun malttaa&nbsp;pysy\u00e4 hetken paikoillaan ja keskitty\u00e4.&nbsp;V\u00e4lineit\u00e4 on hankittavissa pienillekin harrastajille.<\/p>\n\n\n\n<p>Yl\u00e4ik\u00e4rajaa lajin aloittamiseen ei ole. Jousiammunta sopii erinomaisesti rauhalliseksi liikuntaharrastukseksi my\u00f6s el\u00e4kel\u00e4isille.<\/p>\n\n\n\n<p>Jousiammunnan aloittamiskynnys on matala. Ennakko-osaamista tai omia v\u00e4lineit\u00e4 et tarvitse, vaan seura tarjoaa aloittelijalle ohjausta sek\u00e4 lainav\u00e4lineet, joilla p\u00e4\u00e4see lajin pariin. My\u00f6sk\u00e4\u00e4n fyysisi\u00e4 kunto- tai voimavaatimuksia jousiammunnan aloittajalle ei ole.<\/p>\n\n\n\n<p>Mik\u00e4li mietit tai suunnittelet jousiammuntaharrastuksen aloittamista, \u00e4l\u00e4 mieti vaan ota meihin yhteytt\u00e4. J\u00e4rjest\u00e4mme <strong><a href=\"https:\/\/aculvila.fi\/site\/index.php\/lajikokeilu\/\" data-type=\"page\" data-id=\"66\">lajikokeiluiltoja<\/a><\/strong> sek\u00e4 <strong><a href=\"https:\/\/aculvila.fi\/site\/index.php\/kurssit\/\" data-type=\"page\" data-id=\"65\">kursseja<\/a><\/strong>, joiden kautta harrastus on helppo aloittaa. Tuemme my\u00f6s kurssien ulkopuolella harrastuksen alkuun. <\/p>\n\n\n\n<p>Tervetuloa hyv\u00e4\u00e4n seuraan!<\/p>\n\n\n\n<p><strong>JOUSIAMMUNTA ON KOETTAVA ITSE! SIT\u00c4 EI PYSTY KUVAILEMAAN TOISELLE.<\/strong><\/p>\n","protected":false},"excerpt":{"rendered":"<p>Jousiammunta lajina Jousiammunta on taitolaji, joka sopii kaikille ik\u00e4\u00e4n ja sukupuoleen katsomatta. Jousiammunta voi olla vaikka koko perheen yhteinen harrastus, keino irtautua hektisest\u00e4 arjesta, vastapainoa p\u00e4\u00e4tety\u00f6lle tai opiskelulle, itsens\u00e4 kehitt\u00e4mist\u00e4 omilla ehdoilla tai kilpailua ja kovaa huippu-urheilua. Jousiammunta kehitt\u00e4\u00e4 keskittymiskyky\u00e4 sek\u00e4 kehonhallintaa. Harjoitellessa on yksinkertaisesti pakko sulkea muut asiat mielest\u00e4. Jousen j\u00e4nnitt\u00e4miseen ei vaadita voimaa, [&hellip;]<\/p>\n","protected":false},"author":2,"featured_media":0,"parent":0,"menu_order":0,"comment_status":"closed","ping_status":"closed","template":"","meta":{"footnotes":""},"class_list":["post-51","page","type-page","status-publish","hentry"],"_links":{"self":[{"href":"https:\/\/aculvila.fi\/site\/index.php\/wp-json\/wp\/v2\/pages\/51","targetHints":{"allow":["GET"]}}],"collection":[{"href":"https:\/\/aculvila.fi\/site\/index.php\/wp-json\/wp\/v2\/pages"}],"about":[{"href":"https:\/\/aculvila.fi\/site\/index.php\/wp-json\/wp\/v2\/types\/page"}],"author":[{"embeddable":true,"href":"https:\/\/aculvila.fi\/site\/index.php\/wp-json\/wp\/v2\/users\/2"}],"replies":[{"embeddable":true,"href":"https:\/\/aculvila.fi\/site\/index.php\/wp-json\/wp\/v2\/comments?post=51"}],"version-history":[{"count":33,"href":"https:\/\/aculvila.fi\/site\/index.php\/wp-json\/wp\/v2\/pages\/51\/revisions"}],"predecessor-version":[{"id":593,"href":"https:\/\/aculvila.fi\/site\/index.php\/wp-json\/wp\/v2\/pages\/51\/revisions\/593"}],"wp:attachment":[{"href":"https:\/\/aculvila.fi\/site\/index.php\/wp-json\/wp\/v2\/media?parent=51"}],"curies":[{"name":"wp","href":"https:\/\/api.w.org\/{rel}","templated":true}]}}