{"id":304,"date":"2025-03-14T05:40:38","date_gmt":"2025-03-14T05:40:38","guid":{"rendered":"https:\/\/aculvila.fi\/site\/?page_id=304"},"modified":"2025-03-14T13:10:01","modified_gmt":"2025-03-14T13:10:01","slug":"saannot","status":"publish","type":"page","link":"https:\/\/aculvila.fi\/site\/index.php\/saannot\/","title":{"rendered":"S\u00e4\u00e4nn\u00f6t"},"content":{"rendered":"\n<p><\/p>\n\n\n\n<p class=\"has-xx-large-font-size\"><strong>S\u00e4\u00e4nn\u00f6t<\/strong><\/p>\n\n\n\n<p><\/p>\n\n\n\n<p>Toimintas\u00e4\u00e4nn\u00f6t<\/p>\n\n\n\n<p>AC-ULVILA R.Y.<\/p>\n\n\n\n<p>ULVILA<\/p>\n\n\n\n<p>I NIMI, KOTIPAIKKA, TOIMINTA-ALUE, PERUSTAMISAIKA JA KIELI<\/p>\n\n\n\n<p>1\u00a7<\/p>\n\n\n\n<p>Yhdistyksen nimi on Archery Club Ulvila r.y.<\/p>\n\n\n\n<p>Yhdistyksen kotipaikka on Ulvilan kaupunki.<\/p>\n\n\n\n<p>Yhdistyksen toiminta-alue on Ulvila ymp\u00e4rist\u00f6ineen.<\/p>\n\n\n\n<p>Yhdistys on perustettu elokuun 23. p\u00e4iv\u00e4n\u00e4 1987 ja siit\u00e4 k\u00e4ytet\u00e4\u00e4n n\u00e4iss\u00e4 s\u00e4\u00e4nn\u00f6iss\u00e4 nimityst\u00e4 seura.<\/p>\n\n\n\n<p>Seuran virallinen kieli on suomi.<\/p>\n\n\n\n<p>II SEURAN TARKOITUS<\/p>\n\n\n\n<p>2\u00a7<\/p>\n\n\n\n<p>Seuran tarkoituksena on edist\u00e4\u00e4 jousiammuntaharrastusta seuran toiminta-alueella siten, ett\u00e4 mahdollisimman moni harrastaisi jousiammuntaa kunto- tai kilpaurheiluna edellytystens\u00e4 ja tarpeittensa mukaisesti.<\/p>\n\n\n\n<p>III TARKOITUKSEN TOTEUTTAMINEN<\/p>\n\n\n\n<p>3\u00a7<\/p>\n\n\n\n<p>Tarkoitustaan seura toteuttaa:<\/p>\n\n\n\n<ol class=\"wp-block-list\">\n<li>Tarjoamalla j\u00e4senilleen<\/li>\n\n\n\n<li>kilpailutoimintaa<\/li>\n\n\n\n<li>koulutustoimintaa<\/li>\n\n\n\n<li>valmennus- ja harjoitustoimintaa<\/li>\n\n\n\n<li>tiedotus- ja suhdetoimintaa<\/li>\n\n\n\n<li>kuntoliikuntaa ja virkistystoimintaa sek\u00e4<\/li>\n\n\n\n<li>muuta samantapaista toimintaa<\/li>\n<\/ol>\n\n\n\n<ul class=\"wp-block-list\">\n<li>Kiinnitt\u00e4m\u00e4ll\u00e4 ehdotusten, anomusten ja aloitteiden kautta toiminta-alueensa viranomaisten ja muiden yhteis\u00f6jen huomiota sek\u00e4 pyrkim\u00e4ll\u00e4 omatoimisesti jousiammunnan kehitt\u00e4miseen ja jousiammunnalle tarpeellisten harjoituspaikkojen ja v\u00e4lineiden hankkimiseen ja hoitamiseen.<\/li>\n<\/ul>\n\n\n\n<ul class=\"wp-block-list\">\n<li>Harjoittamalla julkaisutoimintaa<\/li>\n\n\n\n<li>Ottamalla vastaan lahjoituksia ja testamentteja sek\u00e4 omistamalla toimintaansa varten tarpeellista v\u00e4lineist\u00f6\u00e4 ja kiinteist\u00f6j\u00e4.<\/li>\n<\/ul>\n\n\n\n<ul class=\"wp-block-list\">\n<li>Hankkimalla varoja aatteellisen toimintansa tukemiseksi j\u00e4rjest\u00e4en huvi- ja tanssitilaisuuksia, ker\u00e4yksi\u00e4 ja arpajaisia, alkeiskursseja j\u00e4seniksi pyrkiville, harjoittaen kustannus- ja monistustoimintaa sek\u00e4 v\u00e4litt\u00e4en j\u00e4senilleen voittoa tavoittelematta urheiluv\u00e4lineit\u00e4 ja asusteita.<\/li>\n<\/ul>\n\n\n\n<p>Tarvittaessa seura hankkii toimintaansa varten asiamukaisen luvan.<\/p>\n\n\n\n<p>4\u00a7<\/p>\n\n\n\n<p>Seura on Suomen Jousiampujain Liiton j\u00e4senyhdistys. Suomen Jousiampujain Liitto rekister\u00f6idyst\u00e4 yhdistyksest\u00e4 k\u00e4ytet\u00e4\u00e4n n\u00e4iss\u00e4 s\u00e4\u00e4nn\u00f6iss\u00e4 lyhennyst\u00e4 SJAL. Suomen Jousiampujain Liitto kuuluu Suomen olympiakomitean alaisuuteen.<\/p>\n\n\n\n<p>IV SEURAN J\u00c4SENET<\/p>\n\n\n\n<p>5\u00a7<\/p>\n\n\n\n<p>Seuran j\u00e4senyytt\u00e4 anotaan kirjallisesti seuran hallitukselta. Hallituksella on oikeus hyv\u00e4ksy\u00e4 tai p\u00e4tev\u00e4n syyn nojalla hyl\u00e4t\u00e4 anomus. Juniorij\u00e4seniksi voidaan hyv\u00e4ksy\u00e4 alle 18-vuotiaita henkil\u00f6it\u00e4. Seuran hallituksen j\u00e4seneksi hyv\u00e4ksym\u00e4 hakija on seuran j\u00e4sen vasta kun h\u00e4n on maksanut liittymismaksunsa.<\/p>\n\n\n\n<p>Seuran kokous voi hallituksen esityksest\u00e4 kutsua yhdistyksen kunniapuheenjohtajaksi tai kunniaj\u00e4seneksi seuran tarkoitusperi\u00e4 merkitt\u00e4v\u00e4ll\u00e4 tavalla edist\u00e4neen henkil\u00f6n. Kunniapuheenjohtajia voi olla seurassa vain yksi kerrallaan ja sellaiseksi voidaan valita vain seuran puheenjohtajana toiminut henkil\u00f6. Kunniaj\u00e4senten m\u00e4\u00e4r\u00e4\u00e4 ei ole rajoitettu. Kunniapuheenjohtajan ja kunniaj\u00e4senen arvo on elinik\u00e4inen.<\/p>\n\n\n\n<p>Kannattavaksi yhteis\u00f6j\u00e4seneksi voi seuran hallitus hyv\u00e4ksy\u00e4 oikeuskelpoisen yhteis\u00f6n, joka tukee seuran toimintaa suorittamalla vuotuisen kannattajaj\u00e4senmaksun. Kannattavalla yhteis\u00f6j\u00e4senell\u00e4 on puhe-, mutta ei \u00e4\u00e4nioikeutta seuran kokouksissa.<\/p>\n\n\n\n<p>Seura pit\u00e4\u00e4 yhdistyslain mukaista j\u00e4senluetteloa.<\/p>\n\n\n\n<p>6\u00a7<\/p>\n\n\n\n<p>J\u00e4sen, joka haluaa erota seurasta, tehk\u00f6\u00f6n siit\u00e4 kirjallisen ilmoituksen seuran hallitukselle tai sen puheenjohtajalle tai ilmoittakoon siit\u00e4 seuran kokouksessa p\u00f6yt\u00e4kirjaan merkitsemist\u00e4 varten. Ero katsotaan tapahtuneeksi heti kun ilmoitus on tehty, mutta eroava on velvollinen suorittamaan maksunsa sek\u00e4 muut n\u00e4iden s\u00e4\u00e4nt\u00f6jen edellytt\u00e4m\u00e4t velvollisuudet kuluvan kalenterivuoden loppuun asti.<\/p>\n\n\n\n<p>7\u00a7<\/p>\n\n\n\n<p>Hallitus voi erottaa seurasta j\u00e4senen, joka<\/p>\n\n\n\n<ul class=\"wp-block-list\">\n<li>toimii seuran s\u00e4\u00e4nt\u00f6jen vastaisesti<\/li>\n\n\n\n<li>laiminly\u00f6 j\u00e4senmaksunsa suorittamisen<\/li>\n\n\n\n<li>rikkoo lakeja tai esiintyy urheiluhengen vastaisesti vahingoittaen seuran mainetta<\/li>\n\n\n\n<li>toimii seuran ja SJAL:n s\u00e4\u00e4nt\u00f6jen ja tarkoitusperien vastaisesti<\/li>\n<\/ul>\n\n\n\n<p>Erotetulla on oikeus vedota seuran seuraavaan kokoukseen. Vetoomus on annettava tiedoksi kirjallisesti seuran hallitukselle 14 p\u00e4iv\u00e4n kuluessa kirjallisen erotusp\u00e4\u00e4t\u00f6ksen postitusp\u00e4iv\u00e4st\u00e4, t\u00e4t\u00e4 p\u00e4iv\u00e4\u00e4 lukuun ottamatta. Hallituksen on kutsuttava koolle seuran kokous v\u00e4hint\u00e4\u00e4n 30 p\u00e4iv\u00e4n kuluessa vetoomuksen saatuaan. Ellei vetoomusta esitet\u00e4 edell\u00e4 mainitussa j\u00e4rjestyksess\u00e4, tulkoon erottamisp\u00e4\u00e4t\u00f6s voimaan heti m\u00e4\u00e4r\u00e4ajan p\u00e4\u00e4tytty\u00e4. Muussa tapauksessa katsotaan j\u00e4sen seurasta erotetuksi vasta kun seuran kokous on erottamisp\u00e4\u00e4t\u00f6ksen vahvistanut.<\/p>\n\n\n\n<p>Erotetulla ei ole oikeutta vaatia takaisin seuralle suorittamiaan maksuja.<\/p>\n\n\n\n<p>V LIITTYMIS- JA J\u00c4SENMAKSUT<\/p>\n\n\n\n<p>8\u00a7<\/p>\n\n\n\n<p>J\u00e4senilt\u00e4 kannettavien liittymis- ja j\u00e4senmaksujen, sek\u00e4 kannattajaj\u00e4senmaksujen suuruudesta p\u00e4\u00e4tt\u00e4\u00e4 seuran syyskokous vuosittain. Alle 18-vuotiailta j\u00e4senilt\u00e4 voidaan peri\u00e4 pienempi liittymis- ja j\u00e4senmaksu.<\/p>\n\n\n\n<p>Hallituksella on oikeus vapauttaa j\u00e4sen j\u00e4senmaksujen suorittamisesta sek\u00e4 nimet\u00e4 j\u00e4sen ainaisj\u00e4seneksi, jos<\/p>\n\n\n\n<ul class=\"wp-block-list\">\n<li>h\u00e4n on suorittanut liittymis- ja j\u00e4senmaksut ja ollut seuran j\u00e4senen\u00e4 30 vuotta tai<\/li>\n\n\n\n<li>on tehnyt seuralle huomattavia urheilullisia, taloudellisia tai muita palveluksia tai<\/li>\n<\/ul>\n\n\n\n<p>Kunniapuheenjohtaja, kunniaj\u00e4sen ja ainaisj\u00e4sen ovat vapaat j\u00e4senmaksuvelvollisuuksista. Saavutetut j\u00e4senoikeudet s\u00e4ilyv\u00e4t.<\/p>\n\n\n\n<p>VI SEURAN VARSINAISET JA YLIM\u00c4\u00c4R\u00c4ISET KOKOUKSET<\/p>\n\n\n\n<p>9\u00a7<\/p>\n\n\n\n<p>Seuralla on toimintavuosittain kaksi varsinaista kokousta. Seuran vuosikokous pidet\u00e4\u00e4n hallituksen m\u00e4\u00e4r\u00e4\u00e4m\u00e4n\u00e4 p\u00e4iv\u00e4n\u00e4 maalis-huhtikuun aikana. Syyskokous pidet\u00e4\u00e4n loka-marraskuussa. Kokouksen paikan ja tarkemman ajan m\u00e4\u00e4r\u00e4\u00e4 hallitus.<\/p>\n\n\n\n<p>Kutsu varsinaiseen ja ylim\u00e4\u00e4r\u00e4iseen seuran kokoukseen on julkaistava viimeist\u00e4\u00e4n 14 p\u00e4iv\u00e4\u00e4 ennen kokousta<\/p>\n\n\n\n<ul class=\"wp-block-list\">\n<li>kirjallisena ilmoituksena j\u00e4senille s\u00e4hk\u00f6postitse sek\u00e4 seuran viralliseen ilmoitustauluun kiinnitetyll\u00e4 ilmoituksella<\/li>\n<\/ul>\n\n\n\n<p>10\u00a7<\/p>\n\n\n\n<p>Seuran vuosikokouksessa k\u00e4sitell\u00e4\u00e4n seuraavat asiat:<\/p>\n\n\n\n<ol class=\"wp-block-list\">\n<li>Kokouksen avaus<\/li>\n\n\n\n<li>Valitaan kokouksen puheenjohtaja, sihteeri, kaksi p\u00f6yt\u00e4kirjan tarkastajaa ja tarvittaessa kaksi \u00e4\u00e4nten laskijaa<\/li>\n\n\n\n<li>Todetaan l\u00e4sn\u00e4olijat sek\u00e4 \u00e4\u00e4nioikeutetut j\u00e4senet<\/li>\n\n\n\n<li>Todetaan kokouksen laillisuus ja p\u00e4\u00e4t\u00f6svaltaisuus<\/li>\n\n\n\n<li>Hyv\u00e4ksyt\u00e4\u00e4n kokouksen ty\u00f6j\u00e4rjestys<\/li>\n\n\n\n<li>Esitet\u00e4\u00e4n tilinp\u00e4\u00e4t\u00f6s, vuosikertomus ja tilintarkastajien lausunto edelliselt\u00e4 vuodelta<\/li>\n\n\n\n<li>P\u00e4\u00e4tet\u00e4\u00e4n tilinp\u00e4\u00e4t\u00f6ksen vahvistamisesta ja vastuuvapauden my\u00f6nt\u00e4misest\u00e4;<\/li>\n\n\n\n<li>K\u00e4sitell\u00e4\u00e4n hallituksen esitt\u00e4m\u00e4t tai j\u00e4senten 12\u00a7:n mukaisesti vireille panemat muut asiat.<\/li>\n\n\n\n<li>Kokouksen p\u00e4\u00e4tt\u00e4minen<\/li>\n<\/ol>\n\n\n\n<p><a>11\u00a7<\/a><\/p>\n\n\n\n<p>Seuran syyskokouksessa k\u00e4sitell\u00e4\u00e4n seuraavat asiat:<\/p>\n\n\n\n<ol class=\"wp-block-list\">\n<li>Kokouksen avaus<\/li>\n\n\n\n<li>Valitaan kokouksen puheenjohtaja, sihteeri, kaksi p\u00f6yt\u00e4kirjan tarkastajaa ja tarvittaessa kaksi \u00e4\u00e4nten laskijaa<\/li>\n\n\n\n<li>Todetaan l\u00e4sn\u00e4olijat sek\u00e4 \u00e4\u00e4nioikeutetut j\u00e4senet<\/li>\n\n\n\n<li>Todetaan kokouksen laillisuus ja p\u00e4\u00e4t\u00f6svaltaisuus<\/li>\n\n\n\n<li>Hyv\u00e4ksyt\u00e4\u00e4n kokouksen ty\u00f6j\u00e4rjestys<\/li>\n\n\n\n<li>Vahvistetaan toimintasuunnitelma, tulo- ja menoarvio<\/li>\n\n\n\n<li>Valitaan t\u00e4ysi-ik\u00e4isten j\u00e4senten joukosta hallituksen puheenjohtaja ja muut j\u00e4senet seuraavalle toimintavuodelle<\/li>\n\n\n\n<li>Valitaan toiminnantarkastaja ja varatoiminnantarkastaja seuraavalle toimintavuodelle<\/li>\n\n\n\n<li>Vahvistetaan liittymis- ja j\u00e4senmaksun sek\u00e4 kannattajaj\u00e4senmaksun suuruus seuraavalle toimintavuodelle<\/li>\n\n\n\n<li>K\u00e4sitell\u00e4\u00e4n hallituksen esitt\u00e4m\u00e4t tai j\u00e4senten 12\u00a7:n mukaisesti vireille panemat muut asiat.<\/li>\n\n\n\n<li>Kokouksen p\u00e4\u00e4tt\u00e4minen<\/li>\n<\/ol>\n\n\n\n<p>K\u00e4sitell\u00e4\u00e4n muut kokouskutsussa mainitut asiat.<\/p>\n\n\n\n<p>12\u00a7<\/p>\n\n\n\n<p>Seuran ylim\u00e4\u00e4r\u00e4inen kokous pidet\u00e4\u00e4n silloin, kun hallitus katsoo sen tarpeelliseksi tai kun v\u00e4hint\u00e4\u00e4n yksi kymmenesosa seuran \u00e4\u00e4nioikeutetuista j\u00e4senist\u00e4 on jonkin tietyn asian takia tehnyt siit\u00e4 hallitukselle kirjallisen esityksen. Ylim\u00e4\u00e4r\u00e4isen kokouksen kutsussa on mainittava asia, jonka takia kokous on kutsuttu koolle.<\/p>\n\n\n\n<p>Ylim\u00e4\u00e4r\u00e4inen kokous on pidett\u00e4v\u00e4 viimeist\u00e4\u00e4n kahden kuukauden kuluessa siit\u00e4, kun j\u00e4senet ovat tehneet siit\u00e4 edell\u00e4 mainitulla tavalla esityksen.<\/p>\n\n\n\n<p>Asioista, joista seuran j\u00e4senet haluavat kev\u00e4t- tai syyskokouksen k\u00e4sitelt\u00e4v\u00e4ksi, on teht\u00e4v\u00e4 hallitukselle kirjallinen esitys viimeist\u00e4\u00e4n 20 p\u00e4iv\u00e4\u00e4 ennen kokousta.<\/p>\n\n\n\n<p>13\u00a7<\/p>\n\n\n\n<p>Seuran ja sen hallituksen kokouksista on pidett\u00e4v\u00e4 p\u00f6yt\u00e4kirjaa. Seuran kokousten p\u00f6yt\u00e4kirjat on kokouksen puheenjohtajan ja sihteerin allekirjoitettava, sek\u00e4 valittujen p\u00f6yt\u00e4kirjan tarkastajien tarkastettava.<\/p>\n\n\n\n<p>Hallituksen p\u00f6yt\u00e4kirjat tarkastetaan heti tai seuraavassa kokouksessa.<\/p>\n\n\n\n<p>14\u00a7<\/p>\n\n\n\n<p>Kokouksessa ratkaistaan asiat yksinkertaisella \u00e4\u00e4nten enemmist\u00f6ll\u00e4, mik\u00e4li asian ratkaisemisesta ei n\u00e4iss\u00e4 s\u00e4\u00e4nn\u00f6iss\u00e4 toisin s\u00e4\u00e4det\u00e4.<\/p>\n\n\n\n<p>Henkil\u00f6vaaleissa ja lippu\u00e4\u00e4nestyksess\u00e4 \u00e4\u00e4nten menness\u00e4 tasan ratkaisu tapahtuu arvalla, muissa asioissa voittaa se mielipide, johon kokouksen puheenjohtaja on yhtynyt.<\/p>\n\n\n\n<p>Kaikissa kokouksissa suoritetaan vaadittaessa \u00e4\u00e4nestys suljettuja lippuja k\u00e4ytt\u00e4m\u00e4ll\u00e4.<\/p>\n\n\n\n<p>Jokaisella liittymismaksunsa maksaneella viisitoista vuotta t\u00e4ytt\u00e4neell\u00e4 j\u00e4senell\u00e4, kannattavia yhteis\u00f6j\u00e4seni\u00e4 lukuun ottamatta, on yksi \u00e4\u00e4ni. Valtakirjalla ei saa \u00e4\u00e4nest\u00e4\u00e4.<\/p>\n\n\n\n<p>VII SEURAN HALLINTO<\/p>\n\n\n\n<p>15\u00a7<\/p>\n\n\n\n<p>Seuran toimintaa johtaa ja sen taloudenhoidosta sek\u00e4 omaisuudesta huolehtii ja vastaa, sek\u00e4 seuraa edustaa, syyskokouksen valitsema hallitus.<\/p>\n\n\n\n<p>Hallituksen toimikausi on kalenterivuosi.<\/p>\n\n\n\n<p>Hallitukseen kuuluu yhdeksi toimikaudeksi valittu puheenjohtaja, kolmesta nelj\u00e4\u00e4n yhdeksi toimikaudeksi valittua j\u00e4sent\u00e4 sek\u00e4 lis\u00e4ksi nollasta nelj\u00e4\u00e4n yhdeksi toimikaudeksi valittua varaj\u00e4sent\u00e4.<\/p>\n\n\n\n<p>Jos j\u00e4sen kesken toimintakauttaan estyy teht\u00e4v\u00e4ns\u00e4 hoitamisesta eik\u00e4 ole valittu yht\u00e4\u00e4n varaj\u00e4sent\u00e4, valitsee seuran kokous h\u00e4nen sijaansa, h\u00e4nen j\u00e4ljell\u00e4 olevaksi toimikaudekseen, toisen, mik\u00e4li katsoo sen tarpeelliseksi.<\/p>\n\n\n\n<p>J\u00e4rjest\u00e4ytymiskokouksessaan hallitus valitsee j\u00e4sentens\u00e4 keskuudesta varapuheenjohtajan, sihteerin ja muut tarvittavat toimihenkil\u00f6t sek\u00e4 lis\u00e4ksi rahastonhoitajan, joka voidaan valita my\u00f6s hallituksen ulkopuolelta.<\/p>\n\n\n\n<p>Hallitus kokoontuu puheenjohtajan tai h\u00e4nen ollessaan estynyt varapuheenjohtajan kutsusta, kun he katsovat sen tarpeelliseksi tai kun puolet hallituksen j\u00e4senist\u00e4 kirjallisesti sit\u00e4 heilt\u00e4 vaatii. Viimeksi mainitussa tapauksessa puheenjohtajan tai varapuheenjohtajan tulee kutsua hallitus koolle kuukauden kuluessa.<\/p>\n\n\n\n<p>Hallitus on p\u00e4\u00e4t\u00f6svaltainen, kun puheenjohtaja tai h\u00e4nen estyneen\u00e4 ollessaan varapuheenjohtaja ja v\u00e4hint\u00e4\u00e4n puolet sen j\u00e4senist\u00e4 on saapuvilla.<\/p>\n\n\n\n<p>Hallituksen teht\u00e4v\u00e4n\u00e4 on erityisesti:<\/p>\n\n\n\n<ol class=\"wp-block-list\">\n<li>Toimia seuran ylimp\u00e4n\u00e4 toimeenpanevana ja valvovana elimen\u00e4 niin, ett\u00e4 seuran tarkoituksen ja tavoitteiden mukaiset toiminnat toteutetaan suunnitelmien mukaisesti.<\/li>\n\n\n\n<li>Olla vastuussa seuran toiminnasta lakien ja asetusten mukaisesti.<\/li>\n\n\n\n<li>Suunnitella ja kehitt\u00e4\u00e4 seuran kokonaistoimintaa sek\u00e4 johtaa seuran toimintaa seuran tarkoituksen ja tavoitteiden mukaisesti.<\/li>\n\n\n\n<li>Vahvistaa teht\u00e4v\u00e4jako keskuudessaan sek\u00e4 valita tarvittavat jaostot ja ty\u00f6ryhm\u00e4t suorittamaan niille m\u00e4\u00e4r\u00e4ttyj\u00e4 hallitukselle vastuullisia teht\u00e4vi\u00e4.<\/li>\n\n\n\n<li>Vastata seuran ulkopuolelle suuntautuvasta toiminnasta.<\/li>\n\n\n\n<li>Vastata SJAL:n s\u00e4\u00e4nt\u00f6jen ja ohjeiden seuralle asettamista velvoitteista.<\/li>\n\n\n\n<li>Vastata seuran kokousten antamista velvoitteista.<\/li>\n\n\n\n<li>Pit\u00e4\u00e4 j\u00e4senluetteloa.<\/li>\n\n\n\n<li>Hoitaa seuran taloutta.<\/li>\n\n\n\n<li>Hoitaa seuran tiedotustoimintaa.<\/li>\n\n\n\n<li>Hyv\u00e4ksy\u00e4 ja erottaa j\u00e4senet.<\/li>\n\n\n\n<li>Valita sek\u00e4 erottaa tarvittaessa palkatut toimihenkil\u00f6t sek\u00e4 sopia heid\u00e4n eduistaan.<\/li>\n\n\n\n<li>P\u00e4\u00e4tt\u00e4\u00e4 seuran ansiomerkkien my\u00f6nt\u00e4misest\u00e4 ja muiden kunniamerkkien ja ansiomerkkien esitt\u00e4misest\u00e4.<\/li>\n\n\n\n<li>Ryhty\u00e4 kaikkiin niihin toimenpiteisiin, joita seuran etu vaatii.<\/li>\n<\/ol>\n\n\n\n<p>16\u00a7<\/p>\n\n\n\n<p>Seuran toiminta- ja tilivuosi on kalenterivuosi.<\/p>\n\n\n\n<p>Tilinp\u00e4\u00e4t\u00f6ksen tulee olla valmiina toiminnantarkastajalle luovutettavaksi helmikuun loppuun menness\u00e4, kuitenkin v\u00e4hint\u00e4\u00e4n kolme viikkoa ennen vuosikokousta. Toiminnantarkastajan tulee antaa lausuntonsa seuran hallinnosta ja tileist\u00e4 hallitukselle viikkoa ennen vuosikokousta. Toiminnantarkastajien ja varatoiminnan tarkastajan toimikausi on kalenterivuosi.<\/p>\n\n\n\n<p>17\u00a7<\/p>\n\n\n\n<p>Seuran nimen kirjoittavat puheenjohtaja ja varapuheenjohtaja yhdess\u00e4 tai jompikumpi yhdess\u00e4 seuran sihteerin kanssa.<\/p>\n\n\n\n<p>VIII MUITA M\u00c4\u00c4R\u00c4YKSI\u00c4<\/p>\n\n\n\n<p>18\u00a7<\/p>\n\n\n\n<p>Seuran kokous voi n\u00e4iden s\u00e4\u00e4nt\u00f6jen ja yhdistyslain puitteissa perustaa rekister\u00f6im\u00e4tt\u00f6mi\u00e4 alaosastoja ja valita n\u00e4ihin tarpeelliset johto- ja toimielimet.<\/p>\n\n\n\n<p>19\u00a7<\/p>\n\n\n\n<p>N\u00e4iden s\u00e4\u00e4nt\u00f6jen muuttamisesta p\u00e4\u00e4tt\u00e4\u00e4 seuran kokous. Ollakseen p\u00e4tev\u00e4 on p\u00e4\u00e4t\u00f6ksen saatava l\u00e4sn\u00e4 olevien \u00e4\u00e4nioikeutettujen j\u00e4senten kolmen nelj\u00e4sosan (3\/4) \u00e4\u00e4nenenemmist\u00f6n kannatus kahdessa per\u00e4tt\u00e4isess\u00e4 v\u00e4hint\u00e4\u00e4n yhden kuukauden v\u00e4lein pidetyss\u00e4 kokouksessa.<\/p>\n\n\n\n<p>Kokouskutsussa on mainittava s\u00e4\u00e4nt\u00f6muutoksesta.<\/p>\n\n\n\n<p>20\u00a7<\/p>\n\n\n\n<p>Jotta seuran purkamista koskeva p\u00e4\u00e4t\u00f6s olisi p\u00e4tev\u00e4, on se teht\u00e4v\u00e4 seuran kokouksessa ja kokouksessa l\u00e4sn\u00e4 olevista j\u00e4senist\u00e4 on v\u00e4hint\u00e4\u00e4n kolmen nelj\u00e4sosan (3\/4) kannatettava sit\u00e4 kahdessa per\u00e4tt\u00e4isess\u00e4 v\u00e4hint\u00e4\u00e4n yhden kuukauden v\u00e4lein pidetyss\u00e4 kokouksessa.<\/p>\n\n\n\n<p>Kokouskutsussa on mainittava seuran purkamisesta.<\/p>\n\n\n\n<p>21\u00a7<\/p>\n\n\n\n<p>Jos seura on p\u00e4\u00e4tetty purkaa, sen varat on luovutettava Suomen Jousiampujain Liitto ry:lle tai johonkin toiminta-alueen liikuntakasvatusta edist\u00e4v\u00e4\u00e4n tarkoitukseen purkamisesta p\u00e4\u00e4tt\u00e4neen j\u00e4lkimm\u00e4isen kokouksen p\u00e4\u00e4t\u00f6ksen mukaisesti.<\/p>\n\n\n\n<p>Pes\u00e4nselvitysmiehin\u00e4 toimivat kokouksen valitsemat henkil\u00f6t.<\/p>\n\n\n\n<p>Seuran purkamisesta on ilmoitettava yhdistysrekisteriin.<\/p>\n\n\n\n<p>22\u00a7<\/p>\n\n\n\n<p>Sen lis\u00e4ksi, mit\u00e4 n\u00e4iss\u00e4 s\u00e4\u00e4nn\u00f6iss\u00e4 on m\u00e4\u00e4r\u00e4tty, noudatetaan voimassa olevia yhdistyslain m\u00e4\u00e4r\u00e4yksi\u00e4.<\/p>\n","protected":false},"excerpt":{"rendered":"<p>S\u00e4\u00e4nn\u00f6t Toimintas\u00e4\u00e4nn\u00f6t AC-ULVILA R.Y. ULVILA I NIMI, KOTIPAIKKA, TOIMINTA-ALUE, PERUSTAMISAIKA JA KIELI 1\u00a7 Yhdistyksen nimi on Archery Club Ulvila r.y. Yhdistyksen kotipaikka on Ulvilan kaupunki. Yhdistyksen toiminta-alue on Ulvila ymp\u00e4rist\u00f6ineen. Yhdistys on perustettu elokuun 23. p\u00e4iv\u00e4n\u00e4 1987 ja siit\u00e4 k\u00e4ytet\u00e4\u00e4n n\u00e4iss\u00e4 s\u00e4\u00e4nn\u00f6iss\u00e4 nimityst\u00e4 seura. Seuran virallinen kieli on suomi. II SEURAN TARKOITUS 2\u00a7 Seuran tarkoituksena [&hellip;]<\/p>\n","protected":false},"author":2,"featured_media":0,"parent":0,"menu_order":0,"comment_status":"closed","ping_status":"closed","template":"","meta":{"footnotes":""},"class_list":["post-304","page","type-page","status-publish","hentry"],"_links":{"self":[{"href":"https:\/\/aculvila.fi\/site\/index.php\/wp-json\/wp\/v2\/pages\/304","targetHints":{"allow":["GET"]}}],"collection":[{"href":"https:\/\/aculvila.fi\/site\/index.php\/wp-json\/wp\/v2\/pages"}],"about":[{"href":"https:\/\/aculvila.fi\/site\/index.php\/wp-json\/wp\/v2\/types\/page"}],"author":[{"embeddable":true,"href":"https:\/\/aculvila.fi\/site\/index.php\/wp-json\/wp\/v2\/users\/2"}],"replies":[{"embeddable":true,"href":"https:\/\/aculvila.fi\/site\/index.php\/wp-json\/wp\/v2\/comments?post=304"}],"version-history":[{"count":6,"href":"https:\/\/aculvila.fi\/site\/index.php\/wp-json\/wp\/v2\/pages\/304\/revisions"}],"predecessor-version":[{"id":338,"href":"https:\/\/aculvila.fi\/site\/index.php\/wp-json\/wp\/v2\/pages\/304\/revisions\/338"}],"wp:attachment":[{"href":"https:\/\/aculvila.fi\/site\/index.php\/wp-json\/wp\/v2\/media?parent=304"}],"curies":[{"name":"wp","href":"https:\/\/api.w.org\/{rel}","templated":true}]}}