{"id":300,"date":"2025-03-14T05:39:22","date_gmt":"2025-03-14T05:39:22","guid":{"rendered":"https:\/\/aculvila.fi\/site\/?page_id=300"},"modified":"2025-05-25T19:23:13","modified_gmt":"2025-05-25T19:23:13","slug":"ac-ulvila-acu","status":"publish","type":"page","link":"https:\/\/aculvila.fi\/site\/index.php\/ac-ulvila-acu\/","title":{"rendered":"AC-Ulvila (ACU)"},"content":{"rendered":"\n<p><\/p>\n\n\n\n<p class=\"has-xx-large-font-size\"><strong>Archery Club Ulvila (ACU)esittely<\/strong><\/p>\n\n\n\n<p>Olemme 1987 perustettu Ulvilalainen\/satakuntalainen jousiammuntaseura. Olemme Suomen Jousiampujain Liiton (SJAL) sek\u00e4 Suomen Maastojousiampujain Liiton (FFAA:n) j\u00e4senseura. J\u00e4senen\u00e4mme p\u00e4\u00e4set halutessasi osallistumaan kummankin liiton alaisiin kilpailuihin. <\/p>\n\n\n\n<p>Tavoitteenamme on tehd\u00e4 jousiammuntaa tutuksi Ulvilassa ja l\u00e4hialueilla sek\u00e4 samalla kasvattaa j\u00e4senm\u00e4\u00e4r\u00e4\u00e4mme hallitusti. J\u00e4senm\u00e4\u00e4r\u00e4mme on t\u00e4n\u00e4p\u00e4iv\u00e4n\u00e4 kannattajaj\u00e4senineen noin 40 hl\u00f6\u00e4. Pyrimme kehitt\u00e4m\u00e4\u00e4n toimintaamme ja tarjoamaan tulevaisuudessakin mielek\u00e4st\u00e4 toimintaa, el\u00e4myksi\u00e4, onnistumisia sek\u00e4 loistavia harjoittelu- ja kilpailumahdollisuuksia. <\/p>\n\n\n\n<p>T\u00e4ht\u00e4\u00e4mme suunnitelmallisesti seuran kehitt\u00e4miseen ja tulevaisuuteen.<\/p>\n\n\n\n<p><strong>Tervetuloa hyv\u00e4\u00e4n seuraan!<\/strong><\/p>\n\n\n\n<p><\/p>\n\n\n\n<p><\/p>\n","protected":false},"excerpt":{"rendered":"<p>Archery Club Ulvila (ACU)esittely Olemme 1987 perustettu Ulvilalainen\/satakuntalainen jousiammuntaseura. Olemme Suomen Jousiampujain Liiton (SJAL) sek\u00e4 Suomen Maastojousiampujain Liiton (FFAA:n) j\u00e4senseura. J\u00e4senen\u00e4mme p\u00e4\u00e4set halutessasi osallistumaan kummankin liiton alaisiin kilpailuihin. Tavoitteenamme on tehd\u00e4 jousiammuntaa tutuksi Ulvilassa ja l\u00e4hialueilla sek\u00e4 samalla kasvattaa j\u00e4senm\u00e4\u00e4r\u00e4\u00e4mme hallitusti. J\u00e4senm\u00e4\u00e4r\u00e4mme on t\u00e4n\u00e4p\u00e4iv\u00e4n\u00e4 kannattajaj\u00e4senineen noin 40 hl\u00f6\u00e4. Pyrimme kehitt\u00e4m\u00e4\u00e4n toimintaamme ja tarjoamaan tulevaisuudessakin mielek\u00e4st\u00e4 [&hellip;]<\/p>\n","protected":false},"author":2,"featured_media":0,"parent":0,"menu_order":0,"comment_status":"closed","ping_status":"closed","template":"","meta":{"footnotes":""},"class_list":["post-300","page","type-page","status-publish","hentry"],"_links":{"self":[{"href":"https:\/\/aculvila.fi\/site\/index.php\/wp-json\/wp\/v2\/pages\/300","targetHints":{"allow":["GET"]}}],"collection":[{"href":"https:\/\/aculvila.fi\/site\/index.php\/wp-json\/wp\/v2\/pages"}],"about":[{"href":"https:\/\/aculvila.fi\/site\/index.php\/wp-json\/wp\/v2\/types\/page"}],"author":[{"embeddable":true,"href":"https:\/\/aculvila.fi\/site\/index.php\/wp-json\/wp\/v2\/users\/2"}],"replies":[{"embeddable":true,"href":"https:\/\/aculvila.fi\/site\/index.php\/wp-json\/wp\/v2\/comments?post=300"}],"version-history":[{"count":23,"href":"https:\/\/aculvila.fi\/site\/index.php\/wp-json\/wp\/v2\/pages\/300\/revisions"}],"predecessor-version":[{"id":626,"href":"https:\/\/aculvila.fi\/site\/index.php\/wp-json\/wp\/v2\/pages\/300\/revisions\/626"}],"wp:attachment":[{"href":"https:\/\/aculvila.fi\/site\/index.php\/wp-json\/wp\/v2\/media?parent=300"}],"curies":[{"name":"wp","href":"https:\/\/api.w.org\/{rel}","templated":true}]}}