{"id":21,"date":"2025-01-22T17:47:33","date_gmt":"2025-01-22T17:47:33","guid":{"rendered":"https:\/\/aculvila.fi\/site\/?page_id=21"},"modified":"2025-10-28T13:41:57","modified_gmt":"2025-10-28T13:41:57","slug":"tietoa-seurasta","status":"publish","type":"page","link":"https:\/\/aculvila.fi\/site\/index.php\/tietoa-seurasta\/","title":{"rendered":"Radat"},"content":{"rendered":"\n<p><\/p>\n\n\n\n<p class=\"has-xx-large-font-size\"><strong>Radat<\/strong><\/p>\n\n\n\n<p>Seuralla on k\u00e4yt\u00f6ss\u00e4\u00e4n loistavat harjoitteluolosuhteet Ulvilassa ymp\u00e4ri vuoden.<\/p>\n\n\n\n<p><strong>Sis\u00e4rata:<\/strong> <\/p>\n\n\n\n<p>Friitala-talo, Friitalantie 11,  2. kerros, k\u00e4ynti E -ovesta (takapihalla, rautatien puolella)<\/p>\n\n\n\n<figure class=\"wp-block-gallery has-nested-images columns-default is-cropped wp-block-gallery-1 is-layout-flex wp-block-gallery-is-layout-flex\">\n<figure class=\"wp-block-image size-large\"><img loading=\"lazy\" decoding=\"async\" width=\"1024\" height=\"399\" data-id=\"769\" src=\"https:\/\/aculvila.fi\/site\/wp-content\/uploads\/2025\/10\/Screenshot-2025-10-28-154058-1024x399.jpg\" alt=\"\" class=\"wp-image-769\" srcset=\"https:\/\/aculvila.fi\/site\/wp-content\/uploads\/2025\/10\/Screenshot-2025-10-28-154058-1024x399.jpg 1024w, https:\/\/aculvila.fi\/site\/wp-content\/uploads\/2025\/10\/Screenshot-2025-10-28-154058-300x117.jpg 300w, https:\/\/aculvila.fi\/site\/wp-content\/uploads\/2025\/10\/Screenshot-2025-10-28-154058-768x300.jpg 768w, https:\/\/aculvila.fi\/site\/wp-content\/uploads\/2025\/10\/Screenshot-2025-10-28-154058-1536x599.jpg 1536w, https:\/\/aculvila.fi\/site\/wp-content\/uploads\/2025\/10\/Screenshot-2025-10-28-154058.jpg 1838w\" sizes=\"auto, (max-width: 1024px) 100vw, 1024px\" \/><\/figure>\n<\/figure>\n\n\n\n<p>Friitala-talon sis\u00e4rata tarjoaa erinomaiset talviharjoitusolosuhteet historiallisen Friitalan nahkatehtaan vanhoissa tiloissa. 18 metrin et\u00e4isyydelt\u00e4 mahtuu ampumaan noin jopa 12-13 ampujaa yhdess\u00e4 vuorossa.<\/p>\n\n\n\n<p><strong>Ulkorata:<\/strong> <\/p>\n\n\n\n<p>Kiltatie (Ulvilan paloaseman takana)<\/p>\n\n\n\n<figure class=\"wp-block-gallery aligncenter has-nested-images columns-default is-cropped wp-block-gallery-2 is-layout-flex wp-block-gallery-is-layout-flex\">\n<figure class=\"wp-block-image size-large\"><img loading=\"lazy\" decoding=\"async\" width=\"1024\" height=\"338\" data-id=\"31\" src=\"https:\/\/aculvila.fi\/site\/wp-content\/uploads\/2025\/01\/20160816_174551-scaled-e1742020524781-1024x338.jpg\" alt=\"\" class=\"wp-image-31\" srcset=\"https:\/\/aculvila.fi\/site\/wp-content\/uploads\/2025\/01\/20160816_174551-scaled-e1742020524781-1024x338.jpg 1024w, https:\/\/aculvila.fi\/site\/wp-content\/uploads\/2025\/01\/20160816_174551-scaled-e1742020524781-300x99.jpg 300w, https:\/\/aculvila.fi\/site\/wp-content\/uploads\/2025\/01\/20160816_174551-scaled-e1742020524781-768x254.jpg 768w, https:\/\/aculvila.fi\/site\/wp-content\/uploads\/2025\/01\/20160816_174551-scaled-e1742020524781-1536x508.jpg 1536w, https:\/\/aculvila.fi\/site\/wp-content\/uploads\/2025\/01\/20160816_174551-scaled-e1742020524781-2048x677.jpg 2048w\" sizes=\"auto, (max-width: 1024px) 100vw, 1024px\" \/><\/figure>\n<\/figure>\n\n\n\n<figure class=\"wp-block-image size-large is-resized\"><img loading=\"lazy\" decoding=\"async\" width=\"1024\" height=\"390\" src=\"https:\/\/aculvila.fi\/site\/wp-content\/uploads\/2025\/10\/Screenshot-2025-10-28-153646-1024x390.jpg\" alt=\"\" class=\"wp-image-768\" style=\"width:1170px;height:auto\" srcset=\"https:\/\/aculvila.fi\/site\/wp-content\/uploads\/2025\/10\/Screenshot-2025-10-28-153646-1024x390.jpg 1024w, https:\/\/aculvila.fi\/site\/wp-content\/uploads\/2025\/10\/Screenshot-2025-10-28-153646-300x114.jpg 300w, https:\/\/aculvila.fi\/site\/wp-content\/uploads\/2025\/10\/Screenshot-2025-10-28-153646-768x293.jpg 768w, https:\/\/aculvila.fi\/site\/wp-content\/uploads\/2025\/10\/Screenshot-2025-10-28-153646-1536x586.jpg 1536w, https:\/\/aculvila.fi\/site\/wp-content\/uploads\/2025\/10\/Screenshot-2025-10-28-153646.jpg 1629w\" sizes=\"auto, (max-width: 1024px) 100vw, 1024px\" \/><\/figure>\n\n\n\n<p>Nurmipohjainen ulkorata tarjoaa vihre\u00e4t ja loistavat kes\u00e4harjoitusolosuhteet. Ulkoradan l\u00e4heisyydess\u00e4 sijaitsevat my\u00f6s Naparannan uimaranta ja kes\u00e4kahvila.<\/p>\n\n\n\n<p><br><strong>Sijainnit kartalla:<\/strong><\/p>\n\n\n\n<figure class=\"wp-block-table\"><table class=\"has-fixed-layout\"><tbody><tr><td><iframe loading=\"lazy\" src=\"https:\/\/www.google.com\/maps\/embed?pb=!1m14!1m8!1m3!1d1908.012512966658!2d21.870204400000002!3d61.43076209999999!3m2!1i1024!2i768!4f13.1!3m3!1m2!1s0x4689733a9bf5e0f1%3A0x64e277bc6f85618f!2sFriitalantie+11!5e0!3m2!1sfi!2s!4v1391777256795\" width=\"400\" height=\"300\" frameborder=\"0\" style=\"border:0\"><\/iframe><\/td><td><iframe loading=\"lazy\" src=\"https:\/\/www.google.com\/maps\/embed?pb=!1m18!1m12!1m3!1d1907.783367180803!2d21.886864699999986!3d61.43450889999999!2m3!1f0!2f0!3f0!3m2!1i1024!2i768!4f13.1!3m3!1m2!1s0x4689732c1e201dfd%3A0x456c78f4302b0a97!2sKiltatie!5e0!3m2!1sfi!2s!4v1391777146312\" width=\"400\" height=\"300\" frameborder=\"0\" style=\"border:0\"><\/iframe><\/td><\/tr><\/tbody><\/table><\/figure>\n\n\n\n<p><\/p>\n","protected":false},"excerpt":{"rendered":"<p>Radat Seuralla on k\u00e4yt\u00f6ss\u00e4\u00e4n loistavat harjoitteluolosuhteet Ulvilassa ymp\u00e4ri vuoden. Sis\u00e4rata: Friitala-talo, Friitalantie 11, 2. kerros, k\u00e4ynti E -ovesta (takapihalla, rautatien puolella) Friitala-talon sis\u00e4rata tarjoaa erinomaiset talviharjoitusolosuhteet historiallisen Friitalan nahkatehtaan vanhoissa tiloissa. 18 metrin et\u00e4isyydelt\u00e4 mahtuu ampumaan noin jopa 12-13 ampujaa yhdess\u00e4 vuorossa. Ulkorata: Kiltatie (Ulvilan paloaseman takana) Nurmipohjainen ulkorata tarjoaa vihre\u00e4t ja loistavat kes\u00e4harjoitusolosuhteet. Ulkoradan [&hellip;]<\/p>\n","protected":false},"author":1,"featured_media":0,"parent":0,"menu_order":0,"comment_status":"closed","ping_status":"closed","template":"","meta":{"footnotes":""},"class_list":["post-21","page","type-page","status-publish","hentry"],"_links":{"self":[{"href":"https:\/\/aculvila.fi\/site\/index.php\/wp-json\/wp\/v2\/pages\/21","targetHints":{"allow":["GET"]}}],"collection":[{"href":"https:\/\/aculvila.fi\/site\/index.php\/wp-json\/wp\/v2\/pages"}],"about":[{"href":"https:\/\/aculvila.fi\/site\/index.php\/wp-json\/wp\/v2\/types\/page"}],"author":[{"embeddable":true,"href":"https:\/\/aculvila.fi\/site\/index.php\/wp-json\/wp\/v2\/users\/1"}],"replies":[{"embeddable":true,"href":"https:\/\/aculvila.fi\/site\/index.php\/wp-json\/wp\/v2\/comments?post=21"}],"version-history":[{"count":25,"href":"https:\/\/aculvila.fi\/site\/index.php\/wp-json\/wp\/v2\/pages\/21\/revisions"}],"predecessor-version":[{"id":770,"href":"https:\/\/aculvila.fi\/site\/index.php\/wp-json\/wp\/v2\/pages\/21\/revisions\/770"}],"wp:attachment":[{"href":"https:\/\/aculvila.fi\/site\/index.php\/wp-json\/wp\/v2\/media?parent=21"}],"curies":[{"name":"wp","href":"https:\/\/api.w.org\/{rel}","templated":true}]}}